{"id":7,"date":"2025-10-11T16:21:47","date_gmt":"2025-10-11T14:21:47","guid":{"rendered":"https:\/\/ebrinckmann.de\/wordpress\/?page_id=7"},"modified":"2025-10-13T18:57:07","modified_gmt":"2025-10-13T16:57:07","slug":"startseite","status":"publish","type":"page","link":"https:\/\/ebrinckmann.de\/wordpress\/","title":{"rendered":"Energiearbeit f\u00fcr deine gr\u00f6\u00dften Baustellen."},"content":{"rendered":"\n<div class=\"wp-block-group\"><div class=\"wp-block-group__inner-container is-layout-constrained wp-block-group-is-layout-constrained\">\n<div class=\"wp-block-columns is-layout-flex wp-container-core-columns-is-layout-9d6595d7 wp-block-columns-is-layout-flex\">\n<div class=\"wp-block-column is-vertically-aligned-top is-layout-flow wp-block-column-is-layout-flow\" style=\"flex-basis:100%\">\n<p class=\"has-text-align-left has-ast-global-color-5-background-color has-background\" style=\"padding-bottom:0px\">Hey, ich bin Eva, und aus eigener Erfahrung wei\u00df ich: Emotionale Wunden aus der Vergangenheit blockieren uns, kosten Energie und halten uns in alten Mustern fest. Auf der energetischen Ebene werden diese Blockaden sichtbar, und genau da setze ich bei dir an.<\/p>\n\n\n\n<p class=\"has-ast-global-color-5-background-color has-background\" style=\"padding-bottom:0px\">In einer Session scanne ich deinen energetischen Zustand und zeige dir, wo die gr\u00f6\u00dften Blockaden sitzen. Dann arbeite ich mit Methoden von Hartmut Lohmann, John Ruskan und meinen eigenen Techniken, um deine Selbstheilungskr\u00e4fte zu aktivieren. Du bekommst neue Perspektiven und konkrete Impulse f\u00fcr deinen Weg.<\/p>\n\n\n\n<div class=\"wp-block-columns is-layout-flex wp-container-core-columns-is-layout-9d6595d7 wp-block-columns-is-layout-flex\">\n<div class=\"wp-block-column is-layout-flow wp-block-column-is-layout-flow\" style=\"flex-basis:100%\"><\/div>\n<\/div>\n<\/div>\n<\/div>\n<\/div><\/div>\n\n\n\n<div class=\"wp-block-group alignfull has-ast-global-color-5-background-color has-background is-content-justification-center is-nowrap is-layout-flex wp-container-core-group-is-layout-6ace9441 wp-block-group-is-layout-flex\" style=\"padding-bottom:0px\">\n<div class=\"wp-block-columns are-vertically-aligned-top is-layout-flex wp-container-core-columns-is-layout-88c107d0 wp-block-columns-is-layout-flex\">\n<div class=\"wp-block-column is-vertically-aligned-top is-layout-flow wp-block-column-is-layout-flow\">\n<figure class=\"wp-block-image size-medium\"><img loading=\"lazy\" decoding=\"async\" width=\"300\" height=\"225\" src=\"https:\/\/ebrinckmann.de\/wordpress\/wp-content\/uploads\/2025\/10\/portfolio_dunkel-300x225.gif\" alt=\"\" class=\"wp-image-57\" style=\"aspect-ratio:16\/9;object-fit:cover\" srcset=\"https:\/\/ebrinckmann.de\/wordpress\/wp-content\/uploads\/2025\/10\/portfolio_dunkel-300x225.gif 300w, https:\/\/ebrinckmann.de\/wordpress\/wp-content\/uploads\/2025\/10\/portfolio_dunkel-200x150.gif 200w\" sizes=\"auto, (max-width: 300px) 100vw, 300px\" \/><\/figure>\n\n\n\n<h3 class=\"wp-block-heading has-text-align-left\" style=\"margin-top:16px\">Energiearbeit<\/h3>\n\n\n\n<p class=\"has-text-align-left\">Ich unterst\u00fctze dich mit energetischer Heilung nach Hartmut Lohmann und anderen Skills.<\/p>\n<\/div>\n\n\n\n<div class=\"wp-block-column is-vertically-aligned-top is-layout-flow wp-block-column-is-layout-flow\">\n<figure class=\"wp-block-image size-full\"><img loading=\"lazy\" decoding=\"async\" width=\"570\" height=\"428\" src=\"https:\/\/ebrinckmann.de\/wordpress\/wp-content\/uploads\/2025\/10\/portfolio_hell.gif\" alt=\"\" class=\"wp-image-56\" style=\"aspect-ratio:16\/9;object-fit:cover\"\/><\/figure>\n\n\n\n<h3 class=\"wp-block-heading has-text-align-left\" style=\"margin-top:16px\">Aha-Momente<\/h3>\n\n\n\n<p class=\"has-text-align-left\">Meine Authentizit\u00e4t und Klarheit bringen f\u00fcr dich auf den Punkt, wo es hakt.<\/p>\n<\/div>\n\n\n\n<div class=\"wp-block-column is-vertically-aligned-top is-layout-flow wp-block-column-is-layout-flow\">\n<figure class=\"wp-block-image size-full\"><img loading=\"lazy\" decoding=\"async\" width=\"570\" height=\"428\" src=\"https:\/\/ebrinckmann.de\/wordpress\/wp-content\/uploads\/2025\/10\/portfolio_dunkel.gif\" alt=\"\" class=\"wp-image-57\" style=\"aspect-ratio:16\/9;object-fit:cover\"\/><\/figure>\n\n\n\n<h3 class=\"wp-block-heading has-text-align-left\" style=\"margin-top:16px\">Gemeinschaft<\/h3>\n\n\n\n<p class=\"has-text-align-left\">Nach deiner ersten Session kannst du an meinen kostenlosen Gruppensessions teilnehmen.<\/p>\n<\/div>\n\n\n\n<div class=\"wp-block-column is-vertically-aligned-top is-layout-flow wp-block-column-is-layout-flow\">\n<figure class=\"wp-block-image size-full\"><img loading=\"lazy\" decoding=\"async\" width=\"570\" height=\"428\" src=\"https:\/\/ebrinckmann.de\/wordpress\/wp-content\/uploads\/2025\/10\/portfolio_hell.gif\" alt=\"\" class=\"wp-image-56\" style=\"aspect-ratio:16\/9;object-fit:cover\"\/><\/figure>\n\n\n\n<h3 class=\"wp-block-heading has-text-align-left\" style=\"margin-top:16px\">Service<\/h3>\n\n\n\n<p class=\"has-text-align-left\">G\u00fcnstige Folge-Sessions und Quick-Calls (15min) sind f\u00fcr Bestandskunden verf\u00fcgbar.<\/p>\n<\/div>\n<\/div>\n<\/div>\n\n\n\n<div style=\"height:100px\" aria-hidden=\"true\" class=\"wp-block-spacer\"><\/div>\n\n\n\n<div class=\"wp-block-columns is-layout-flex wp-container-core-columns-is-layout-9d6595d7 wp-block-columns-is-layout-flex\">\n<div class=\"wp-block-column is-layout-flow wp-block-column-is-layout-flow\" style=\"flex-basis:100%\">\n<div class=\"wp-block-buttons has-custom-font-size has-medium-font-size is-content-justification-center is-layout-flex wp-container-core-buttons-is-layout-16018d1d wp-block-buttons-is-layout-flex\">\n<div class=\"wp-block-button has-custom-width wp-block-button__width-100\"><a class=\"wp-block-button__link has-black-color has-text-color has-background has-link-color wp-element-button\" href=\"https:\/\/ebrinckmann.de\/wordpress\/buche-deine-session\" style=\"background-color:#f9ef98\">Buche jetzt deine Session!<\/a><\/div>\n<\/div>\n<\/div>\n<\/div>\n\n\n\n<p class=\"has-small-font-size\"><\/p>\n","protected":false},"excerpt":{"rendered":"<p>Hey, ich bin Eva, und aus eigener Erfahrung wei\u00df ich: Emotionale Wunden aus der Vergangenheit blockieren uns, kosten Energie und halten uns in alten Mustern fest. Auf der energetischen Ebene werden diese Blockaden sichtbar, und genau da setze ich bei dir an. In einer Session scanne ich deinen energetischen Zustand und zeige dir, wo die gr\u00f6\u00dften Blockaden sitzen. Dann arbeite ich mit Methoden von Hartmut Lohmann, John Ruskan und meinen eigenen Techniken, um deine Selbstheilungskr\u00e4fte zu aktivieren. Du bekommst neue Perspektiven und konkrete Impulse f\u00fcr deinen Weg. Energiearbeit Ich unterst\u00fctze dich mit energetischer Heilung nach Hartmut Lohmann und anderen Skills. Aha-Momente Meine Authentizit\u00e4t und Klarheit bringen f\u00fcr dich auf den Punkt, wo es hakt. Gemeinschaft Nach deiner ersten Session kannst du an meinen kostenlosen Gruppensessions teilnehmen. Service G\u00fcnstige Folge-Sessions und Quick-Calls (15min) sind f\u00fcr Bestandskunden verf\u00fcgbar.<\/p>\n","protected":false},"author":1,"featured_media":0,"parent":0,"menu_order":0,"comment_status":"closed","ping_status":"closed","template":"","meta":{"footnotes":""},"class_list":["post-7","page","type-page","status-publish","hentry"],"_links":{"self":[{"href":"https:\/\/ebrinckmann.de\/wordpress\/wp-json\/wp\/v2\/pages\/7","targetHints":{"allow":["GET"]}}],"collection":[{"href":"https:\/\/ebrinckmann.de\/wordpress\/wp-json\/wp\/v2\/pages"}],"about":[{"href":"https:\/\/ebrinckmann.de\/wordpress\/wp-json\/wp\/v2\/types\/page"}],"author":[{"embeddable":true,"href":"https:\/\/ebrinckmann.de\/wordpress\/wp-json\/wp\/v2\/users\/1"}],"replies":[{"embeddable":true,"href":"https:\/\/ebrinckmann.de\/wordpress\/wp-json\/wp\/v2\/comments?post=7"}],"version-history":[{"count":31,"href":"https:\/\/ebrinckmann.de\/wordpress\/wp-json\/wp\/v2\/pages\/7\/revisions"}],"predecessor-version":[{"id":402,"href":"https:\/\/ebrinckmann.de\/wordpress\/wp-json\/wp\/v2\/pages\/7\/revisions\/402"}],"wp:attachment":[{"href":"https:\/\/ebrinckmann.de\/wordpress\/wp-json\/wp\/v2\/media?parent=7"}],"curies":[{"name":"wp","href":"https:\/\/api.w.org\/{rel}","templated":true}]}}