{"id":514,"date":"2025-10-14T15:16:18","date_gmt":"2025-10-14T13:16:18","guid":{"rendered":"https:\/\/ebrinckmann.de\/wordpress\/?page_id=514"},"modified":"2025-10-14T16:25:26","modified_gmt":"2025-10-14T14:25:26","slug":"ueber-mich","status":"publish","type":"page","link":"https:\/\/ebrinckmann.de\/wordpress\/ueber-mich\/","title":{"rendered":"\u00dcber mich"},"content":{"rendered":"\n<div class=\"wp-block-media-text has-media-on-the-right is-stacked-on-mobile is-image-fill-element\" style=\"grid-template-columns:auto 30%\"><div class=\"wp-block-media-text__content\">\n<p class=\"topNull\">Hey, ich bin Eva! Ich habe einen ziemlich langen Weg der Heilung hinter mir. Bedingt durch fr\u00fches Kindheitstrauma hatte ich sehr viele Dauer-Baustellen in meinem Leben, bei denen herk\u00f6mmliche Wege nicht funktionierten. Ich habe mich dann aus der Notwendigkeit heraus alleine auf die Suche nach M\u00f6glichkeiten gemacht und kann heute sagen, dass ich mich aus den meisten meiner Probleme selbst herausgearbeitet habe. <\/p>\n\n\n\n<p><\/p>\n\n\n\n<p>Das war nie einfach, der Weg war richtig hart, aber Aufgeben war keine Option. Ich musste also weitermachen, und jetzt nach etwa 15 Jahren geht es mir einfach nur gut. Ich habe wieder Selbstbewusstsein, Freude, gute Grenzen und stabile Emotionen (und ganz nebenbei auch den K\u00f6rper auf Vordermann gebracht). Wie ich dahin gekommen bin, teile ich in meinen Sessions und in K\u00fcrze auch auf meinem YouTube Kanal mit dir.<\/p>\n<\/div><figure class=\"wp-block-media-text__media\"><img loading=\"lazy\" decoding=\"async\" width=\"540\" height=\"720\" src=\"https:\/\/ebrinckmann.de\/wordpress\/wp-content\/uploads\/2025\/10\/eva_cleanup-1.png\" alt=\"\" class=\"wp-image-521 size-full\" style=\"object-position:75% 39%\" srcset=\"https:\/\/ebrinckmann.de\/wordpress\/wp-content\/uploads\/2025\/10\/eva_cleanup-1.png 540w, https:\/\/ebrinckmann.de\/wordpress\/wp-content\/uploads\/2025\/10\/eva_cleanup-1-225x300.png 225w, https:\/\/ebrinckmann.de\/wordpress\/wp-content\/uploads\/2025\/10\/eva_cleanup-1-200x267.png 200w, https:\/\/ebrinckmann.de\/wordpress\/wp-content\/uploads\/2025\/10\/eva_cleanup-1-300x400.png 300w\" sizes=\"auto, (max-width: 540px) 100vw, 540px\" \/><\/figure><\/div>\n\n\n\n<div class=\"wp-block-query is-layout-flow wp-block-query-is-layout-flow\"><ul class=\"wp-block-post-template is-layout-flow wp-block-post-template-is-layout-flow\"><li class=\"wp-block-post post-1 post type-post status-publish format-standard hentry category-allgemein\"><\/li><\/ul><\/div>\n\n\n\n<p>Meine Arbeit wird von Mentoren wie Byron Katie und Hartmut Lohmann beeinflusst, ist aber letztendlich das Ergebnis meines Lebensweges und meiner pers\u00f6nlichen F\u00e4higkeiten.<\/p>\n\n\n\n<p>Ich biete dir Klarheit und arbeite an der Wurzel. Ich sehe nicht nur dein Symptom, sondern das dahinterliegende Muster. Ich gehe deinen Abwehrmechanismen nicht auf den Leim. <\/p>\n\n\n\n<p><div style=\"height:49px\" aria-hidden=\"true\" class=\"wp-block-spacer\"><\/div><\/p>\n\n\n\n<hr class=\"wp-block-separator has-alpha-channel-opacity is-style-default\"\/>\n\n\n\n<div style=\"height:5px\" aria-hidden=\"true\" class=\"wp-block-spacer\"><\/div>\n\n\n\n<div class=\"wp-block-media-text is-stacked-on-mobile\" style=\"grid-template-columns:23% auto\"><figure class=\"wp-block-media-text__media\"><img loading=\"lazy\" decoding=\"async\" width=\"208\" height=\"200\" src=\"https:\/\/ebrinckmann.de\/wordpress\/wp-content\/uploads\/2025\/10\/cropped-Symbol-Logo_300-4c.jpg\" alt=\"\" class=\"wp-image-45 size-full\" srcset=\"https:\/\/ebrinckmann.de\/wordpress\/wp-content\/uploads\/2025\/10\/cropped-Symbol-Logo_300-4c.jpg 208w, https:\/\/ebrinckmann.de\/wordpress\/wp-content\/uploads\/2025\/10\/cropped-Symbol-Logo_300-4c-200x192.jpg 200w\" sizes=\"auto, (max-width: 208px) 100vw, 208px\" \/><\/figure><div class=\"wp-block-media-text__content\">\n<p class=\"has-medium-font-size\"><p class=\"montserrat has-small-font-size\" style=\"padding-right: 20px\">Allumfassend und alles annehmend ist mein Wesen. Ich schenke Dir Geborgenheit und den gesch\u00fctzten, klaren Raum. So erm\u00f6gliche ich das Erwachen und Erbl\u00fchen des wahren Kerns in allem Sein.<\/p><\/p>\n\n\n\n<p class=\"has-small-font-size\">\u2013 gechannelt f\u00fcr mich von Ava Chiba<\/p>\n<\/div><\/div>\n","protected":false},"excerpt":{"rendered":"<p>Hey, ich bin Eva! Ich habe einen ziemlich langen Weg der Heilung hinter mir. Bedingt durch fr\u00fches Kindheitstrauma hatte ich sehr viele Dauer-Baustellen in meinem Leben, bei denen herk\u00f6mmliche Wege nicht funktionierten. Ich habe mich dann aus der Notwendigkeit heraus alleine auf die Suche nach M\u00f6glichkeiten gemacht und kann heute sagen, dass ich mich aus den meisten meiner Probleme selbst herausgearbeitet habe. Das war nie einfach, der Weg war richtig hart, aber Aufgeben war keine Option. Ich musste also weitermachen, und jetzt nach etwa 15 Jahren geht es mir einfach nur gut. Ich habe wieder Selbstbewusstsein, Freude, gute Grenzen und stabile Emotionen (und ganz nebenbei auch den K\u00f6rper auf Vordermann gebracht). Wie ich dahin gekommen bin, teile ich in meinen Sessions und in K\u00fcrze auch auf meinem YouTube Kanal mit dir. Meine Arbeit wird von Mentoren wie Byron Katie und Hartmut Lohmann beeinflusst, ist aber letztendlich das Ergebnis meines Lebensweges und meiner pers\u00f6nlichen F\u00e4higkeiten. Ich biete dir Klarheit und arbeite an der Wurzel. Ich sehe nicht nur dein Symptom, sondern das dahinterliegende Muster. Ich gehe deinen Abwehrmechanismen nicht auf den Leim. Allumfassend und alles annehmend ist mein Wesen. Ich schenke Dir Geborgenheit und den gesch\u00fctzten, klaren Raum. So erm\u00f6gliche ich das Erwachen und Erbl\u00fchen des wahren Kerns in allem Sein. \u2013 gechannelt f\u00fcr mich von Ava Chiba<\/p>\n","protected":false},"author":1,"featured_media":0,"parent":0,"menu_order":0,"comment_status":"closed","ping_status":"closed","template":"","meta":{"footnotes":""},"class_list":["post-514","page","type-page","status-publish","hentry"],"_links":{"self":[{"href":"https:\/\/ebrinckmann.de\/wordpress\/wp-json\/wp\/v2\/pages\/514","targetHints":{"allow":["GET"]}}],"collection":[{"href":"https:\/\/ebrinckmann.de\/wordpress\/wp-json\/wp\/v2\/pages"}],"about":[{"href":"https:\/\/ebrinckmann.de\/wordpress\/wp-json\/wp\/v2\/types\/page"}],"author":[{"embeddable":true,"href":"https:\/\/ebrinckmann.de\/wordpress\/wp-json\/wp\/v2\/users\/1"}],"replies":[{"embeddable":true,"href":"https:\/\/ebrinckmann.de\/wordpress\/wp-json\/wp\/v2\/comments?post=514"}],"version-history":[{"count":29,"href":"https:\/\/ebrinckmann.de\/wordpress\/wp-json\/wp\/v2\/pages\/514\/revisions"}],"predecessor-version":[{"id":565,"href":"https:\/\/ebrinckmann.de\/wordpress\/wp-json\/wp\/v2\/pages\/514\/revisions\/565"}],"wp:attachment":[{"href":"https:\/\/ebrinckmann.de\/wordpress\/wp-json\/wp\/v2\/media?parent=514"}],"curies":[{"name":"wp","href":"https:\/\/api.w.org\/{rel}","templated":true}]}}